{"id":7332,"date":"2022-04-06T04:05:08","date_gmt":"2022-04-06T04:05:08","guid":{"rendered":"https:\/\/bupskycuisine.com\/dat-cho\/"},"modified":"2025-10-14T03:46:29","modified_gmt":"2025-10-14T03:46:29","slug":"dat-cho","status":"publish","type":"page","link":"https:\/\/bupskycuisine.com\/vi\/dat-cho\/","title":{"rendered":"\u0110\u1eb7t ch\u1ed7"},"content":{"rendered":"\t\t<div data-elementor-type=\"wp-page\" data-elementor-id=\"7332\" class=\"elementor elementor-7332 elementor-6110\">\n\t\t\t\t\t\t<section class=\"elementor-section elementor-top-section elementor-element elementor-element-ff76a7 pt-section-content-fullwidth pt_scroll_y_150 pt-parallax-on-scroll elementor-section-boxed elementor-section-height-default elementor-section-height-default\" data-id=\"ff76a7\" data-element_type=\"section\" data-settings=\"{&quot;background_background&quot;:&quot;classic&quot;}\" data-pt-parallax-y=\"150\" style=\"background-image: none;\" data-pt-background-image=\"https:\/\/bupskycuisine.com\/wp-content\/uploads\/2025\/08\/reservation.jpg\">\n\t\t\t\t\t\t\t<div class=\"elementor-background-overlay\"><\/div>\n\t\t\t\t\t\t\t<div class=\"elementor-container elementor-column-gap-no\">\n\t\t\t\t\t<div class=\"elementor-column elementor-col-100 elementor-top-column elementor-element elementor-element-79de927 dark-color\" data-id=\"79de927\" data-element_type=\"column\">\n\t\t\t<div class=\"elementor-widget-wrap elementor-element-populated\">\n\t\t\t\t\t\t<div class=\"elementor-element elementor-element-61daa06 elementor-widget elementor-widget-pt_title\" data-id=\"61daa06\" data-element_type=\"widget\" data-widget_type=\"pt_title.default\">\n\t\t\t\t<div class=\"elementor-widget-container\">\n\t\t\t\t\t\n        <div class=\"pt-title-wrap text-center\">\t            <h1 class=\"pt-title\">\n\t                \u0110\u1eb7t ch\u1ed7\t            <\/h1>        <\/div>\t\t\t\t<\/div>\n\t\t\t\t<\/div>\n\t\t\t\t\t<\/div>\n\t\t<\/div>\n\t\t\t\t\t<\/div>\n\t\t<\/section>\n\t\t\t\t<section class=\"elementor-section elementor-top-section elementor-element elementor-element-693b702 elementor-section-boxed elementor-section-height-default elementor-section-height-default\" data-id=\"693b702\" data-element_type=\"section\">\n\t\t\t\t\t\t<div class=\"elementor-container elementor-column-gap-no\">\n\t\t\t\t\t<div class=\"elementor-column elementor-col-50 elementor-top-column elementor-element elementor-element-2cb7def\" data-id=\"2cb7def\" data-element_type=\"column\">\n\t\t\t<div class=\"elementor-widget-wrap elementor-element-populated\">\n\t\t\t\t\t\t<div class=\"elementor-element elementor-element-15ac1aa elementor-widget elementor-widget-pt_title\" data-id=\"15ac1aa\" data-element_type=\"widget\" data-widget_type=\"pt_title.default\">\n\t\t\t\t<div class=\"elementor-widget-container\">\n\t\t\t\t\t\n        <div class=\"pt-title-wrap text-center-tablet\">\t            <div class=\"pt-subtitle-wrap\"><span class=\"pt-subtitle\">\u0110\u1eb6T B\u00c0N T\u1ea0I B\u00daP SKY CUISINE<\/span><\/div>\t            <div class=\"pt-title-text\">\n\t                <p>D\u00f9 l\u00e0 b\u1eefa t\u1ed1i l\u00e3ng m\u1ea1n cho hai ng\u01b0\u1eddi, bu\u1ed5i g\u1eb7p g\u1ee1 th\u00e2n t\u00ecnh c\u00f9ng b\u1ea1n b\u00e8 hay b\u1eefa ti\u1ec7c \u0111\u1eb7c bi\u1ec7t \u0111\u1ec3 \u0111\u00e1nh d\u1ea5u nh\u1eefng c\u1ed9t m\u1ed1c \u0111\u00e1ng nh\u1edb \u2014 B\u00daP Sky Cuisine lu\u00f4n l\u00e0 l\u1ef1a ch\u1ecdn ho\u00e0n h\u1ea3o.<\/p><p><span class=\"a_GcMg font-feature-liga-off font-feature-clig-off font-feature-calt-off text-decoration-none text-strikethrough-none\">H\u00e3y chia s\u1ebb v\u1edbi ch\u00fang t\u00f4i th\u1eddi gian, s\u1ed1 l\u01b0\u1ee3ng kh\u00e1ch v\u00e0 y\u00eau c\u1ea7u ri\u00eang c\u1ee7a b\u1ea1n, \u0111\u1ed9i ng\u0169 B\u00daP s\u1ebd nhanh ch\u00f3ng ph\u1ea3n h\u1ed3i \u0111\u1ec3 \u0111\u1ea3m b\u1ea3o m\u1ecdi th\u1ee9 di\u1ec5n ra ho\u00e0n h\u1ea3o.<\/span><\/p><p><strong><span class=\"a_GcMg font-feature-liga-off font-feature-clig-off font-feature-calt-off text-decoration-none text-strikethrough-none\">Come for the view, stay for the flavors.<\/span><\/strong><\/p>\t            <\/div>                <div class=\"pt-title-btn\">\n                    <a class=\"button elementor-button-link pt-btn-underline\" role=\"button\" href=\"tel:(+84)765599859\">\n                        <span class=\"pt-btn-text\">HOTLINE: (+84) 765 599 859<\/span>\n                    <\/a>\n                <\/div>\n                    <\/div>\t\t\t\t<\/div>\n\t\t\t\t<\/div>\n\t\t\t\t\t<\/div>\n\t\t<\/div>\n\t\t\t\t<div class=\"elementor-column elementor-col-50 elementor-top-column elementor-element elementor-element-9f1ec34\" data-id=\"9f1ec34\" data-element_type=\"column\">\n\t\t\t<div class=\"elementor-widget-wrap elementor-element-populated\">\n\t\t\t\t\t\t<div class=\"elementor-element elementor-element-436b03c elementor-widget elementor-widget-pt_form_cf7\" data-id=\"436b03c\" data-element_type=\"widget\" data-widget_type=\"pt_form_cf7.default\">\n\t\t\t\t<div class=\"elementor-widget-container\">\n\t\t\t\t\t            <div class=\"pt-form-cf7 placeholder-normal\">\n                <div class=\"pt-form-cf7-wrap\">\n<div class=\"wpcf7 no-js\" id=\"wpcf7-f7237-o1\" lang=\"vi\" dir=\"ltr\" data-wpcf7-id=\"7237\">\n<div class=\"screen-reader-response\"><p role=\"status\" aria-live=\"polite\" aria-atomic=\"true\"><\/p> <ul><\/ul><\/div>\n<form action=\"\/vi\/wp-json\/wp\/v2\/pages\/7332#wpcf7-f7237-o1\" method=\"post\" class=\"wpcf7-form init\" aria-label=\"Form li\u00ean h\u1ec7\" novalidate=\"novalidate\" data-status=\"init\">\n<fieldset class=\"hidden-fields-container\"><input type=\"hidden\" name=\"_wpcf7\" value=\"7237\" \/><input type=\"hidden\" name=\"_wpcf7_version\" value=\"6.1.3\" \/><input type=\"hidden\" name=\"_wpcf7_locale\" value=\"vi\" \/><input type=\"hidden\" name=\"_wpcf7_unit_tag\" value=\"wpcf7-f7237-o1\" \/><input type=\"hidden\" name=\"_wpcf7_container_post\" value=\"0\" \/><input type=\"hidden\" name=\"_wpcf7_posted_data_hash\" value=\"\" \/>\n<\/fieldset>\n<div class=\"row\">\n\t<div class=\"col-1-3 select-wrap\">\n\t\t<p><span class=\"wpcf7-form-control-wrap\" data-name=\"partySize\"><select class=\"wpcf7-form-control wpcf7-select wpcf7-validates-as-required\" aria-required=\"true\" aria-invalid=\"false\" name=\"partySize\"><option value=\"1 kh\u00e1ch\">1 kh\u00e1ch<\/option><option value=\"2 kh\u00e1ch\">2 kh\u00e1ch<\/option><option value=\"3 kh\u00e1ch\">3 kh\u00e1ch<\/option><option value=\"4 kh\u00e1ch\">4 kh\u00e1ch<\/option><option value=\"5 kh\u00e1ch\">5 kh\u00e1ch<\/option><option value=\"6 kh\u00e1ch\">6 kh\u00e1ch<\/option><option value=\"7 kh\u00e1ch\">7 kh\u00e1ch<\/option><option value=\"8 kh\u00e1ch\">8 kh\u00e1ch<\/option><option value=\"9 kh\u00e1ch\">9 kh\u00e1ch<\/option><option value=\"10 kh\u00e1ch\">10 kh\u00e1ch<\/option><option value=\"11 kh\u00e1ch\">11 kh\u00e1ch<\/option><option value=\"12 kh\u00e1ch\">12 kh\u00e1ch<\/option><option value=\"13 kh\u00e1ch\">13 kh\u00e1ch<\/option><option value=\"14 kh\u00e1ch\">14 kh\u00e1ch<\/option><option value=\"15 kh\u00e1ch\">15 kh\u00e1ch<\/option><option value=\"16 kh\u00e1ch\">16 kh\u00e1ch<\/option><option value=\"17 kh\u00e1ch\">17 kh\u00e1ch<\/option><option value=\"18 kh\u00e1ch\">18 kh\u00e1ch<\/option><option value=\"19 kh\u00e1ch\">19 kh\u00e1ch<\/option><option value=\"20 kh\u00e1ch\">20 kh\u00e1ch<\/option><\/select><\/span>\n\t\t<\/p>\n\t<\/div>\n\t<div class=\"col-1-3\">\n\t\t<p><span class=\"wpcf7-form-control-wrap\" data-name=\"startDate\"><input class=\"wpcf7-form-control wpcf7-date wpcf7-validates-as-required wpcf7-validates-as-date\" min=\"2026-04-23\" aria-required=\"true\" aria-invalid=\"false\" value=\"h\u00f4m nay\" type=\"date\" name=\"startDate\" \/><\/span>\n\t\t<\/p>\n\t<\/div>\n\t<div class=\"col-1-3 select-wrap\">\n\t\t<p><span class=\"wpcf7-form-control-wrap\" data-name=\"ResTime\"><select class=\"wpcf7-form-control wpcf7-select wpcf7-validates-as-required\" aria-required=\"true\" aria-invalid=\"false\" name=\"ResTime\"><option value=\"10:00 s\u00e1ng\">10:00 s\u00e1ng<\/option><option value=\"10:30 s\u00e1ng\">10:30 s\u00e1ng<\/option><option value=\"11:00 s\u00e1ng\">11:00 s\u00e1ng<\/option><option value=\"11:30 s\u00e1ng\">11:30 s\u00e1ng<\/option><option value=\"12:00 tr\u01b0a\">12:00 tr\u01b0a<\/option><option value=\"12:30 tr\u01b0a\">12:30 tr\u01b0a<\/option><option value=\"1:00 chi\u1ec1u\">1:00 chi\u1ec1u<\/option><option value=\"1:30 chi\u1ec1u\">1:30 chi\u1ec1u<\/option><option value=\"2:00 chi\u1ec1u\">2:00 chi\u1ec1u<\/option><option value=\"2:30 chi\u1ec1u\">2:30 chi\u1ec1u<\/option><option value=\"3:00 chi\u1ec1u\">3:00 chi\u1ec1u<\/option><option value=\"3:30 chi\u1ec1u\">3:30 chi\u1ec1u<\/option><option value=\"4:00 chi\u1ec1u\">4:00 chi\u1ec1u<\/option><option value=\"4:30 chi\u1ec1u\">4:30 chi\u1ec1u<\/option><option value=\"5:00 chi\u1ec1u\">5:00 chi\u1ec1u<\/option><option value=\"5:30 chi\u1ec1u\">5:30 chi\u1ec1u<\/option><option value=\"6:00 chi\u1ec1u\">6:00 chi\u1ec1u<\/option><option value=\"6:30 chi\u1ec1u\">6:30 chi\u1ec1u<\/option><option value=\"7:00 t\u1ed1i\">7:00 t\u1ed1i<\/option><option value=\"7:30 t\u1ed1i\">7:30 t\u1ed1i<\/option><option value=\"8:00 t\u1ed1i\">8:00 t\u1ed1i<\/option><option value=\"8:30 t\u1ed1i\">8:30 t\u1ed1i<\/option><option value=\"9:00 t\u1ed1i\">9:00 t\u1ed1i<\/option><option value=\"9:30 t\u1ed1i\">9:30 t\u1ed1i<\/option><option value=\"10:00 t\u1ed1i\">10:00 t\u1ed1i<\/option><option value=\"10:30 t\u1ed1i\">10:30 t\u1ed1i<\/option><\/select><\/span>\n\t\t<\/p>\n\t<\/div>\n<\/div>\n<div class=\"row\">\n\t<div class=\"col-1-3\">\n\t\t<p><span class=\"wpcf7-form-control-wrap\" data-name=\"text-160\"><input size=\"40\" maxlength=\"400\" class=\"wpcf7-form-control wpcf7-text wpcf7-validates-as-required\" aria-required=\"true\" aria-invalid=\"false\" placeholder=\"T\u00ean c\u1ee7a b\u1ea1n\" value=\"\" type=\"text\" name=\"text-160\" \/><\/span>\n\t\t<\/p>\n\t<\/div>\n\t<div class=\"col-1-3\">\n\t\t<p><span class=\"wpcf7-form-control-wrap\" data-name=\"email-324\"><input size=\"40\" maxlength=\"400\" class=\"wpcf7-form-control wpcf7-email wpcf7-validates-as-required wpcf7-text wpcf7-validates-as-email\" aria-required=\"true\" aria-invalid=\"false\" placeholder=\"Email\" value=\"\" type=\"email\" name=\"email-324\" \/><\/span>\n\t\t<\/p>\n\t<\/div>\n\t<div class=\"col-1-3\">\n\t\t<p><span class=\"wpcf7-form-control-wrap\" data-name=\"tel-364\"><input size=\"40\" maxlength=\"400\" class=\"wpcf7-form-control wpcf7-tel wpcf7-validates-as-required wpcf7-text wpcf7-validates-as-tel\" aria-required=\"true\" aria-invalid=\"false\" placeholder=\"S\u1ed1 \u0111i\u1ec7n tho\u1ea1i\" value=\"\" type=\"tel\" name=\"tel-364\" \/><\/span>\n\t\t<\/p>\n\t<\/div>\n<\/div>\n<p><span class=\"wpcf7-form-control-wrap\" data-name=\"textarea-50\"><textarea cols=\"40\" rows=\"10\" maxlength=\"2000\" class=\"wpcf7-form-control wpcf7-textarea\" aria-invalid=\"false\" placeholder=\"Y\u00eau c\u1ea7u \u0111\u1eb7c bi\u1ec7t\" name=\"textarea-50\"><\/textarea><\/span>\n<\/p>\n<p class=\"text-center\"><input class=\"wpcf7-form-control wpcf7-submit has-spinner\" type=\"submit\" value=\"\u0110\u1eb7t b\u00e0n ngay\" \/>\n<\/p><div class=\"wpcf7-response-output\" aria-hidden=\"true\"><\/div>\n<\/form>\n<\/div>\n<\/div>\n            <\/div>\t\t\t\t<\/div>\n\t\t\t\t<\/div>\n\t\t\t\t\t<\/div>\n\t\t<\/div>\n\t\t\t\t\t<\/div>\n\t\t<\/section>\n\t\t\t\t<\/div>\n\t\t","protected":false},"excerpt":{"rendered":"<p>\u0110\u1eb7t ch\u1ed7 \u0110\u1eb6T B\u00c0N T\u1ea0I B\u00daP SKY CUISINE D\u00f9 l\u00e0 b\u1eefa t\u1ed1i l\u00e3ng m\u1ea1n cho hai ng\u01b0\u1eddi, bu\u1ed5i g\u1eb7p g\u1ee1 th\u00e2n t\u00ecnh c\u00f9ng b\u1ea1n b\u00e8 hay b\u1eefa ti\u1ec7c \u0111\u1eb7c bi\u1ec7t \u0111\u1ec3 \u0111\u00e1nh d\u1ea5u nh\u1eefng c\u1ed9t m\u1ed1c \u0111\u00e1ng nh\u1edb \u2014 B\u00daP Sky Cuisine lu\u00f4n l\u00e0 l\u1ef1a ch\u1ecdn ho\u00e0n h\u1ea3o. H\u00e3y chia s\u1ebb v\u1edbi ch\u00fang t\u00f4i th\u1eddi &#8230;<\/p>\n","protected":false},"author":1,"featured_media":0,"parent":0,"menu_order":0,"comment_status":"closed","ping_status":"closed","template":"template-wide-content.php","meta":{"patiotime_single_page_hide_site_header":"","patiotime_single_page_site_header_source":"","patiotime_single_page_custom_site_header":"0","patiotime_single_page_custom_sticky_site_header":"0","patiotime_single_page_custom_page_title_margin_top_source":"","patiotime_single_page_custom_page_title_desktop_margin_top":"","patiotime_single_page_custom_page_title_tablet_margin_top":"","patiotime_single_page_custom_page_title_mobile_margin_top":"","patiotime_single_page_hide_page_title":"","patiotime_single_page_header_section_size":"","patiotime_single_page_header_background_color":"","patiotime_single_page_header_background_position_x":"center","patiotime_single_page_header_background_position_y":"center","patiotime_single_page_header_background_size":"cover","patiotime_single_page_header_background_repeat":"off","patiotime_single_page_header_background_scroll":"on","patiotime_single_page_header_text_color":"","patiotime_single_page_header_show_breadcrumb":"","patiotime_single_page_site_footer_hide_main":"","patiotime_single_custom_site_footer_main_source":"","patiotime_single_custom_site_footer_main":"0","patiotime_single_page_site_footer_hide_above":"","patiotime_single_custom_site_footer_above_source":"","patiotime_single_custom_site_footer_above":"0","patiotime_single_page_site_footer_hide_instagram":"","patiotime_single_page_site_footer_hide_bottom":"","patiotime_single_custom_mobile_menu_source":"","patiotime_single_custom_mobile_menu":"0","patiotime_single_custom_mobile_menu_animation":"","patiotime_single_custom_mobile_menu_width":"","patiotime_single_custom_mobile_menu_custom_width":375,"footnotes":""},"class_list":["post-7332","page","type-page","status-publish","hentry"],"_links":{"self":[{"href":"https:\/\/bupskycuisine.com\/vi\/wp-json\/wp\/v2\/pages\/7332","targetHints":{"allow":["GET"]}}],"collection":[{"href":"https:\/\/bupskycuisine.com\/vi\/wp-json\/wp\/v2\/pages"}],"about":[{"href":"https:\/\/bupskycuisine.com\/vi\/wp-json\/wp\/v2\/types\/page"}],"author":[{"embeddable":true,"href":"https:\/\/bupskycuisine.com\/vi\/wp-json\/wp\/v2\/users\/1"}],"replies":[{"embeddable":true,"href":"https:\/\/bupskycuisine.com\/vi\/wp-json\/wp\/v2\/comments?post=7332"}],"version-history":[{"count":4,"href":"https:\/\/bupskycuisine.com\/vi\/wp-json\/wp\/v2\/pages\/7332\/revisions"}],"predecessor-version":[{"id":7356,"href":"https:\/\/bupskycuisine.com\/vi\/wp-json\/wp\/v2\/pages\/7332\/revisions\/7356"}],"wp:attachment":[{"href":"https:\/\/bupskycuisine.com\/vi\/wp-json\/wp\/v2\/media?parent=7332"}],"curies":[{"name":"wp","href":"https:\/\/api.w.org\/{rel}","templated":true}]}}