{"id":7252,"date":"2022-04-05T13:55:08","date_gmt":"2022-04-05T13:55:08","guid":{"rendered":"https:\/\/bupskycuisine.com\/alacarte\/"},"modified":"2025-12-31T04:47:49","modified_gmt":"2025-12-31T04:47:49","slug":"alacarte","status":"publish","type":"page","link":"https:\/\/bupskycuisine.com\/vi\/alacarte\/","title":{"rendered":"\u00c0 la Carte"},"content":{"rendered":"\t\t<div data-elementor-type=\"wp-page\" data-elementor-id=\"7252\" class=\"elementor elementor-7252 elementor-4894\">\n\t\t\t\t\t\t<section class=\"elementor-section elementor-top-section elementor-element elementor-element-3af62068 pt-section-content-fullwidth pt_scroll_y_150 pt-parallax-on-scroll elementor-section-boxed elementor-section-height-default elementor-section-height-default\" data-id=\"3af62068\" data-element_type=\"section\" data-settings=\"{&quot;background_background&quot;:&quot;classic&quot;}\" data-pt-parallax-y=\"150\" style=\"background-image: none;\" data-pt-background-image=\"https:\/\/bupskycuisine.com\/wp-content\/uploads\/2025\/08\/reservation-1.jpg\">\n\t\t\t\t\t\t\t<div class=\"elementor-background-overlay\"><\/div>\n\t\t\t\t\t\t\t<div class=\"elementor-container elementor-column-gap-no\">\n\t\t\t\t\t<div class=\"elementor-column elementor-col-100 elementor-top-column elementor-element elementor-element-52c41b2c dark-color\" data-id=\"52c41b2c\" data-element_type=\"column\">\n\t\t\t<div class=\"elementor-widget-wrap elementor-element-populated\">\n\t\t\t\t\t\t<div class=\"elementor-element elementor-element-14e60969 elementor-widget elementor-widget-pt_title\" data-id=\"14e60969\" data-element_type=\"widget\" data-widget_type=\"pt_title.default\">\n\t\t\t\t<div class=\"elementor-widget-container\">\n\t\t\t\t\t\n        <div class=\"pt-title-wrap text-center\">\t            <h3 class=\"pt-title\">\n\t                \u00c0 la Carte\t            <\/h3>        <\/div>\t\t\t\t<\/div>\n\t\t\t\t<\/div>\n\t\t\t\t\t<\/div>\n\t\t<\/div>\n\t\t\t\t\t<\/div>\n\t\t<\/section>\n\t\t<div class=\"elementor-element elementor-element-f600484 e-flex e-con-boxed e-con e-parent\" data-id=\"f600484\" data-element_type=\"container\" data-settings=\"{&quot;background_background&quot;:&quot;gradient&quot;}\">\n\t\t\t\t\t<div class=\"e-con-inner\">\n\t\t\t\t<div class=\"elementor-element elementor-element-27a8144 elementor-widget elementor-widget-pt_title\" data-id=\"27a8144\" data-element_type=\"widget\" data-widget_type=\"pt_title.default\">\n\t\t\t\t<div class=\"elementor-widget-container\">\n\t\t\t\t\t\n        <div class=\"pt-title-wrap text-center\">\t            <div class=\"pt-title-text\">\n\t                <p><img decoding=\"async\" class=\"aligncenter wp-image-7165 size-thumbnail\" src=\"https:\/\/bupskycuisine.com\/wp-content\/uploads\/2025\/10\/Untitled-2-02-1-150x150.png\" alt=\"\" width=\"150\" height=\"150\" srcset=\"https:\/\/bupskycuisine.com\/wp-content\/uploads\/2025\/10\/Untitled-2-02-1-150x150.png 150w, https:\/\/bupskycuisine.com\/wp-content\/uploads\/2025\/10\/Untitled-2-02-1-300x300.png 300w, https:\/\/bupskycuisine.com\/wp-content\/uploads\/2025\/10\/Untitled-2-02-1-1024x1024.png 1024w, https:\/\/bupskycuisine.com\/wp-content\/uploads\/2025\/10\/Untitled-2-02-1-768x768.png 768w, https:\/\/bupskycuisine.com\/wp-content\/uploads\/2025\/10\/Untitled-2-02-1-1536x1536.png 1536w, https:\/\/bupskycuisine.com\/wp-content\/uploads\/2025\/10\/Untitled-2-02-1-2048x2048.png 2048w, https:\/\/bupskycuisine.com\/wp-content\/uploads\/2025\/10\/Untitled-2-02-1-1920x1920.png 1920w, https:\/\/bupskycuisine.com\/wp-content\/uploads\/2025\/10\/Untitled-2-02-1-1440x1440.png 1440w, https:\/\/bupskycuisine.com\/wp-content\/uploads\/2025\/10\/Untitled-2-02-1-1200x1200.png 1200w, https:\/\/bupskycuisine.com\/wp-content\/uploads\/2025\/10\/Untitled-2-02-1-780x780.png 780w, https:\/\/bupskycuisine.com\/wp-content\/uploads\/2025\/10\/Untitled-2-02-1-600x600.png 600w, https:\/\/bupskycuisine.com\/wp-content\/uploads\/2025\/10\/Untitled-2-02-1-550x550.png 550w, https:\/\/bupskycuisine.com\/wp-content\/uploads\/2025\/10\/Untitled-2-02-1-370x370.png 370w, https:\/\/bupskycuisine.com\/wp-content\/uploads\/2025\/10\/Untitled-2-02-1-255x255.png 255w\" sizes=\"(max-width: 150px) 100vw, 150px\" \/><\/p><p class=\"cvGsUA direction-ltr align-center para-style-body\"><span class=\"a_GcMg font-feature-liga-off font-feature-clig-off font-feature-calt-off text-decoration-none text-strikethrough-none\">B\u1eaft \u0111\u1ea7u h\u00e0nh tr\u00ecnh v\u1ecb gi\u00e1c v\u00e0 kh\u00e1m ph\u00e1 \u1ea9m th\u1ef1c \u0111\u1ea7y c\u1ea3m x\u00fac \u2013 n\u01a1i m\u1ed7i m\u00f3n \u0103n l\u00e0 m\u1ed9t tr\u1ea3i nghi\u1ec7m \u0111\u00e1ng nh\u1edb, v\u00e0 t\u1eebng kho\u1ea3nh kh\u1eafc \u0111\u1ec1u l\u00e0 l\u1eddi t\u00f4n vinh cho h\u01b0\u01a1ng v\u1ecb v\u00e0 phong c\u00e1ch.<\/span><\/p><p class=\"cvGsUA direction-ltr align-center para-style-body\"><span class=\"a_GcMg font-feature-liga-off font-feature-clig-off font-feature-calt-off text-decoration-none text-strikethrough-none\">To\u1ea1 l\u1ea1c t\u1ea1i trung t\u00e2m S\u00e0i G\u00f2n, tr\u00ean t\u1ea7ng 10 c\u1ee7a The Odys Boutique Hotel, B\u00daP Sky Cuisine mang n\u00e9t giao h\u00f2a thanh l\u1ecbch gi\u1eefa ki\u1ebfn tr\u00fac \u0110\u00f4ng D\u01b0\u01a1ng v\u00e0 phong c\u00e1ch ph\u01b0\u01a1ng T\u00e2y hi\u1ec7n \u0111\u1ea1i.<\/span><\/p><p class=\"cvGsUA direction-ltr align-center para-style-body\"><span class=\"a_GcMg font-feature-liga-off font-feature-clig-off font-feature-calt-off text-decoration-none text-strikethrough-none\">T\u1ea1i \u0111\u00e2y, b\u1ea1n c\u00f3 th\u1ec3 t\u1ea1m g\u00e1c l\u1ea1i nh\u1ecbp s\u1ed1ng v\u1ed9i v\u00e3, \u0111\u1ec3 t\u1eadn h\u01b0\u1edfng kh\u00f4ng gian rooftop y\u00ean b\u00ecnh \u2013 n\u01a1i th\u00e0nh ph\u1ed1 hi\u1ec7n ra trong v\u1ebb r\u1ef1c r\u1ee1 v\u00e0 cu\u1ed1n h\u00fat khi \u0111\u00eam xu\u1ed1ng.<\/span><\/p><p class=\"cvGsUA direction-ltr align-center para-style-body\"><span class=\"a_GcMg font-feature-liga-off font-feature-clig-off font-feature-calt-off text-decoration-none text-strikethrough-none\">M\u1ed7i chi ti\u1ebft t\u1ea1i B\u00daP \u0111\u1ec1u \u0111\u01b0\u1ee3c ch\u0103m ch\u00fat t\u1ec9 m\u1ec9, nh\u1eb1m mang \u0111\u1ebfn tr\u1ea3i nghi\u1ec7m \u1ea9m th\u1ef1c tr\u1ecdn v\u1eb9n v\u00e0 \u0111\u1ea7y c\u1ea3m x\u00fac.<\/span><\/p><p class=\"cvGsUA direction-ltr align-center para-style-body\"><span class=\"a_GcMg font-feature-liga-off font-feature-clig-off font-feature-calt-off text-decoration-none text-strikethrough-none\">S\u1ef1 tinh t\u1ebf c\u1ee7a \u1ea9m th\u1ef1c \u00c1 \u0110\u00f4ng h\u00f2a quy\u1ec7n c\u00f9ng phong v\u1ecb ch\u00e2u \u00c2u \u0111\u01b0\u01a1ng \u0111\u1ea1i, t\u1ea1o n\u00ean nh\u1eefng m\u00f3n \u0103n \u0111\u01b0\u1ee3c ch\u1ebf bi\u1ebfn c\u00f4ng phu, \u0111\u00e1nh th\u1ee9c m\u1ecdi gi\u00e1c quan v\u00e0 kh\u01a1i g\u1ee3i c\u1ea3m x\u00fac trong t\u1eebng h\u01b0\u01a1ng v\u1ecb.<\/span><\/p>\t            <\/div>        <\/div>\t\t\t\t<\/div>\n\t\t\t\t<\/div>\n\t\t\t\t\t<\/div>\n\t\t\t\t<\/div>\n\t\t<div class=\"elementor-element elementor-element-f32019f e-flex e-con-boxed e-con e-parent\" data-id=\"f32019f\" data-element_type=\"container\">\n\t\t\t\t\t<div class=\"e-con-inner\">\n\t\t\t\t<div class=\"elementor-element elementor-element-75fe9fe elementor-widget elementor-widget-html\" data-id=\"75fe9fe\" data-element_type=\"widget\" data-widget_type=\"html.default\">\n\t\t\t\t\t<div class=\"real3dflipbook\" id=\"6_69f4a557e71e1\" style=\"position:absolute;\"><\/div>\t\t\t\t<\/div>\n\t\t\t\t\t<\/div>\n\t\t\t\t<\/div>\n\t\t\t\t<\/div>\n\t\t","protected":false},"excerpt":{"rendered":"<p>\u00c0 la Carte B\u1eaft \u0111\u1ea7u h\u00e0nh tr\u00ecnh v\u1ecb gi\u00e1c v\u00e0 kh\u00e1m ph\u00e1 \u1ea9m th\u1ef1c \u0111\u1ea7y c\u1ea3m x\u00fac \u2013 n\u01a1i m\u1ed7i m\u00f3n \u0103n l\u00e0 m\u1ed9t tr\u1ea3i nghi\u1ec7m \u0111\u00e1ng nh\u1edb, v\u00e0 t\u1eebng kho\u1ea3nh kh\u1eafc \u0111\u1ec1u l\u00e0 l\u1eddi t\u00f4n vinh cho h\u01b0\u01a1ng v\u1ecb v\u00e0 phong c\u00e1ch. To\u1ea1 l\u1ea1c t\u1ea1i trung t\u00e2m S\u00e0i G\u00f2n, tr\u00ean t\u1ea7ng 10 c\u1ee7a The &#8230;<\/p>\n","protected":false},"author":1,"featured_media":0,"parent":0,"menu_order":0,"comment_status":"closed","ping_status":"closed","template":"template-wide-content.php","meta":{"patiotime_single_page_hide_site_header":"","patiotime_single_page_site_header_source":"","patiotime_single_page_custom_site_header":"0","patiotime_single_page_custom_sticky_site_header":"0","patiotime_single_page_custom_page_title_margin_top_source":"","patiotime_single_page_custom_page_title_desktop_margin_top":"","patiotime_single_page_custom_page_title_tablet_margin_top":"","patiotime_single_page_custom_page_title_mobile_margin_top":"","patiotime_single_page_hide_page_title":"on","patiotime_single_page_header_section_size":"","patiotime_single_page_header_background_color":"","patiotime_single_page_header_background_position_x":"center","patiotime_single_page_header_background_position_y":"center","patiotime_single_page_header_background_size":"cover","patiotime_single_page_header_background_repeat":"off","patiotime_single_page_header_background_scroll":"on","patiotime_single_page_header_text_color":"","patiotime_single_page_header_show_breadcrumb":"","patiotime_single_page_site_footer_hide_main":"","patiotime_single_custom_site_footer_main_source":"","patiotime_single_custom_site_footer_main":"0","patiotime_single_page_site_footer_hide_above":"","patiotime_single_custom_site_footer_above_source":"","patiotime_single_custom_site_footer_above":"0","patiotime_single_page_site_footer_hide_instagram":"","patiotime_single_page_site_footer_hide_bottom":"","patiotime_single_custom_mobile_menu_source":"","patiotime_single_custom_mobile_menu":"0","patiotime_single_custom_mobile_menu_animation":"","patiotime_single_custom_mobile_menu_width":"","patiotime_single_custom_mobile_menu_custom_width":375,"footnotes":""},"class_list":["post-7252","page","type-page","status-publish","hentry"],"_links":{"self":[{"href":"https:\/\/bupskycuisine.com\/vi\/wp-json\/wp\/v2\/pages\/7252","targetHints":{"allow":["GET"]}}],"collection":[{"href":"https:\/\/bupskycuisine.com\/vi\/wp-json\/wp\/v2\/pages"}],"about":[{"href":"https:\/\/bupskycuisine.com\/vi\/wp-json\/wp\/v2\/types\/page"}],"author":[{"embeddable":true,"href":"https:\/\/bupskycuisine.com\/vi\/wp-json\/wp\/v2\/users\/1"}],"replies":[{"embeddable":true,"href":"https:\/\/bupskycuisine.com\/vi\/wp-json\/wp\/v2\/comments?post=7252"}],"version-history":[{"count":34,"href":"https:\/\/bupskycuisine.com\/vi\/wp-json\/wp\/v2\/pages\/7252\/revisions"}],"predecessor-version":[{"id":7627,"href":"https:\/\/bupskycuisine.com\/vi\/wp-json\/wp\/v2\/pages\/7252\/revisions\/7627"}],"wp:attachment":[{"href":"https:\/\/bupskycuisine.com\/vi\/wp-json\/wp\/v2\/media?parent=7252"}],"curies":[{"name":"wp","href":"https:\/\/api.w.org\/{rel}","templated":true}]}}